{"id":2105,"date":"2025-10-23T10:23:53","date_gmt":"2025-10-23T15:23:53","guid":{"rendered":"https:\/\/www.ileneselekes.com\/?post_type=product&#038;p=2105"},"modified":"2026-01-09T17:35:29","modified_gmt":"2026-01-09T22:35:29","slug":"ilde-de-orula-con-cierre-magnetico-de-acero-inoxidable","status":"publish","type":"product","link":"https:\/\/www.ileneselekes.com\/index.php\/producto\/ilde-de-orula-con-cierre-magnetico-de-acero-inoxidable\/","title":{"rendered":"Ilde de Orula con cierre magn\u00e9tico de acero inoxidable"},"content":{"rendered":"<p data-start=\"226\" data-end=\"545\">Este <strong data-start=\"231\" data-end=\"249\">ild\u00e9 artesanal<\/strong> ha sido elaborado cuidadosamente a mano utilizando la <strong data-start=\"304\" data-end=\"326\">t\u00e9cnica de crochet<\/strong>, un m\u00e9todo tradicional que crea un tejido firme, compacto y <strong data-start=\"387\" data-end=\"414\">extremadamente duradero<\/strong>, ideal para el uso diario. Cada pieza se realiza con paciencia y dedicaci\u00f3n, garantizando un acabado resistente y de alta calidad.<\/p>\n<p data-start=\"547\" data-end=\"880\">Las cuentas utilizadas son de <strong data-start=\"577\" data-end=\"594\">cristal checo<\/strong>, reconocidas por su brillo, uniformidad y durabilidad, lo que aporta un aspecto elegante y un excelente acabado al dise\u00f1o. El ild\u00e9 cuenta con un <strong data-start=\"740\" data-end=\"780\">cierre magn\u00e9tico de acero inoxidable<\/strong>, resistente y seguro, que facilita su colocaci\u00f3n y retiro sin comprometer la firmeza del accesorio.<\/p>\n<p data-start=\"882\" data-end=\"1143\">Los ild\u00e9s representan <strong data-start=\"904\" data-end=\"951\">protecci\u00f3n, tradici\u00f3n y conexi\u00f3n espiritual<\/strong>, y pueden utilizarse tanto en la vida diaria como en pr\u00e1cticas ceremoniales o como un regalo especial y significativo. Su dise\u00f1o c\u00f3modo permite llevarlo solo o combinado con otros accesorios.<\/p>\n<p data-start=\"1145\" data-end=\"1377\">Cada pieza se confecciona de manera individual, por lo que pueden existir <strong data-start=\"1219\" data-end=\"1269\">ligeras variaciones en el patr\u00f3n o los colores<\/strong>, propias del trabajo artesanal, haciendo que cada ild\u00e9 sea \u00fanico sin perder la esencia del dise\u00f1o original.<\/p>\n<p data-start=\"1379\" data-end=\"1401\">\u2728 <strong data-start=\"1381\" data-end=\"1401\">Caracter\u00edsticas:<\/strong><\/p>\n<ul data-start=\"1402\" data-end=\"1628\">\n<li data-start=\"1402\" data-end=\"1418\">\n<p data-start=\"1404\" data-end=\"1418\">Hecho a mano<\/p>\n<\/li>\n<li data-start=\"1419\" data-end=\"1474\">\n<p data-start=\"1421\" data-end=\"1474\">Tejido con t\u00e9cnica de crochet, altamente resistente<\/p>\n<\/li>\n<li data-start=\"1475\" data-end=\"1519\">\n<p data-start=\"1477\" data-end=\"1519\">Cuentas de cristal checo de alta calidad<\/p>\n<\/li>\n<li data-start=\"1520\" data-end=\"1560\">\n<p data-start=\"1522\" data-end=\"1560\">Cierre magn\u00e9tico de acero inoxidable<\/p>\n<\/li>\n<li data-start=\"1561\" data-end=\"1589\">\n<p data-start=\"1563\" data-end=\"1589\">Dise\u00f1o c\u00f3modo y duradero<\/p>\n<\/li>\n<li data-start=\"1590\" data-end=\"1628\">\n<p data-start=\"1592\" data-end=\"1628\">Ideal para uso diario o ceremonial<\/p>\n<\/li>\n<\/ul>\n<p data-start=\"1630\" data-end=\"1750\">\ud83d\udccf <strong data-start=\"1633\" data-end=\"1645\">Medidas:<\/strong><br data-start=\"1645\" data-end=\"1648\" \/>Las medidas est\u00e1n disponibles como opci\u00f3n y <strong data-start=\"1692\" data-end=\"1749\">pueden seleccionarse al momento de realizar la compra<\/strong>.<\/p>\n<p data-start=\"1752\" data-end=\"1951\">\ud83c\udf81 <strong data-start=\"1755\" data-end=\"1775\">Nota importante:<\/strong><br data-start=\"1775\" data-end=\"1778\" \/>Este es un producto artesanal elaborado bajo pedido. Las variaciones leves en el dise\u00f1o forman parte de su autenticidad y no afectan la calidad ni la funcionalidad del ild\u00e9.<\/p>\n","protected":false},"excerpt":{"rendered":"<p>Ilde confeccionado con cuentas de cristal checo y la t\u00e9cnica del crochet con cuentas, en hilo 100% poli\u00e9ster de 8 cabos. su cierre es magn\u00e9tico de acero inoxidable.<\/p>\n","protected":false},"featured_media":2139,"comment_status":"closed","ping_status":"closed","template":"","meta":[],"product_brand":[],"product_cat":[69,61,99],"product_tag":[105,79,103],"class_list":{"0":"post-2105","1":"product","2":"type-product","3":"status-publish","4":"has-post-thumbnail","6":"product_cat-iddes","7":"product_cat-ifa","8":"product_cat-orula","9":"product_tag-ifa","10":"product_tag-orula","11":"product_tag-orunmila","13":"first","14":"instock","15":"taxable","16":"shipping-taxable","17":"purchasable","18":"product-type-variable"},"_links":{"self":[{"href":"https:\/\/www.ileneselekes.com\/index.php\/wp-json\/wp\/v2\/product\/2105","targetHints":{"allow":["GET"]}}],"collection":[{"href":"https:\/\/www.ileneselekes.com\/index.php\/wp-json\/wp\/v2\/product"}],"about":[{"href":"https:\/\/www.ileneselekes.com\/index.php\/wp-json\/wp\/v2\/types\/product"}],"replies":[{"embeddable":true,"href":"https:\/\/www.ileneselekes.com\/index.php\/wp-json\/wp\/v2\/comments?post=2105"}],"wp:featuredmedia":[{"embeddable":true,"href":"https:\/\/www.ileneselekes.com\/index.php\/wp-json\/wp\/v2\/media\/2139"}],"wp:attachment":[{"href":"https:\/\/www.ileneselekes.com\/index.php\/wp-json\/wp\/v2\/media?parent=2105"}],"wp:term":[{"taxonomy":"product_brand","embeddable":true,"href":"https:\/\/www.ileneselekes.com\/index.php\/wp-json\/wp\/v2\/product_brand?post=2105"},{"taxonomy":"product_cat","embeddable":true,"href":"https:\/\/www.ileneselekes.com\/index.php\/wp-json\/wp\/v2\/product_cat?post=2105"},{"taxonomy":"product_tag","embeddable":true,"href":"https:\/\/www.ileneselekes.com\/index.php\/wp-json\/wp\/v2\/product_tag?post=2105"}],"curies":[{"name":"wp","href":"https:\/\/api.w.org\/{rel}","templated":true}]}}